{"id":7840,"date":"2015-12-12T13:33:05","date_gmt":"2015-12-12T13:33:05","guid":{"rendered":"http:\/\/demos.artbees.net\/jupiter5\/?page_id=7840"},"modified":"2018-03-21T17:54:13","modified_gmt":"2018-03-21T16:54:13","slug":"homepage-version-5","status":"publish","type":"page","link":"https:\/\/www.duenenpark-hh.de\/","title":{"rendered":"Homepage"},"content":{"rendered":"[vc_row fullwidth=&#8220;true&#8220;][vc_column][mk_edge_slider first_el=&#8220;true&#8220; swiper_bg=&#8220;#000000&#8243; parallax=&#8220;true&#8220; order=&#8220;ASC&#8220; orderby=&#8220;title&#8220; height=&#8220;1080&#8243; direction_nav=&#8220;round&#8220; pagination=&#8220;small_dot_stroke&#8220; slides=&#8220;5083,5078,9474,9476&#8243;][mk_divider style=&#8220;thin_solid&#8220; thin_single_color=&#8220;#211caf&#8220; thickness=&#8220;6&#8243; margin_top=&#8220;0&#8243; margin_bottom=&#8220;0&#8243;][\/vc_column][\/vc_row][vc_row][vc_column][mk_padding_divider size=&#8220;100&#8243;][vc_row_inner][vc_column_inner width=&#8220;1\/2&#8243;][mk_chart percent=&#8220;100&#8243; bar_color=&#8220;#213bd1&#8243; track_color=&#8220;#d3d3d3&#8243; line_width=&#8220;30&#8243; bar_size=&#8220;350&#8243; content_type=&#8220;custom_text&#8220; custom_text=&#8220;100%&#8220; custom_text_size=&#8220;50&#8243; desc=&#8220;VERKAUFT&#8220; desc_text_size=&#8220;40&#8243; desc_color=&#8220;#444444&#8243;][\/vc_column_inner][vc_column_inner width=&#8220;1\/2&#8243;][mk_blockquote font_family=&#8220;none&#8220;]Heiligenhafen &#8211; eine der letzten unentdeckten Perlen der Ostsee! Das staatlich anerkannte Ostseeheilbad Heiligenhafen ist ein traditionsreicher Urlaubsort in Ostholstein, das mit seinen rund 9.400 Einwohnern kurz vor Fehmarn liegt. Nur eine Stunde Fahrzeit von Hamburg entfernt, punktet Heiligenhafen neben der idealen Anbindung, einer historischen Altstadt mit Backstein- und Fachwerkh\u00e4usern, einem aktiven Fischereihafen &#8211; an dem t\u00e4glich Boote ihren frisch Fang l\u00f6schen und den ein oder anderen Fisch auch vom Kutter verkaufen &#8211; und dem wundersch\u00f6nen Strand &#8211; vor allem aber auch mit seinem breiten, ganzj\u00e4hrigem Freizeitangebot: ideale Kite- und Windsurfbedingungen, ein gro\u00dfer 5 Sterne-Yachthafen mit \u00fcber 1.000 Liegepl\u00e4tzen und einer 2012 fertiggestellten Seebr\u00fccke mit Gastronomie, Spielebereich f\u00fcr Kids, Sitz- und Entspannungsm\u00f6glichkeiten sowie einem Badedeck, von dem sie direkt in die Ostsee springen k\u00f6nnen. Aber es gibt noch mehr: ein Aktiv-Hus mit Wellness und Beauty-Anwendungen sowie das rd.\u00a0 230 Hektar gro\u00dfe, aus dem sogenannten Graswarder und Steinwarder bestehende Naturschutzgebiet, auf dem denkmalgesch\u00fctzte Strandvillen stehen und seltene Pflanzen- und Vogelarten zu finden sind.<\/p>\n<p>&nbsp;<\/p>\n[\/mk_blockquote][\/vc_column_inner][\/vc_row_inner][mk_padding_divider size=&#8220;20&#8243; visibility=&#8220;hidden-sm&#8220;][\/vc_column][\/vc_row][mk_page_section sidebar=&#8220;sidebar-1&#8243;][vc_column width=&#8220;1\/2&#8243;][mk_blockquote font_family=&#8220;none&#8220;]Der Projekt &#8222;D\u00fcnenpark&#8220; befindet sich auf dem, dem Binnensee vorgelagerten Steinwarder &#8211; einer D\u00fcnenwarft &#8211;\u00a0 und somit in unmittelbarer Nachbarschaft zur im Bau befindlichen Beach Motel Anlage, zum Hafen und zur Altstadt. Die Anlage an sich umfasst insgesamt sechs Geb\u00e4ude, die von klarer Architektur gepr\u00e4gt sind und von einer park\u00e4hnlichen Gartenanlage umgeben werden. Jeweils in den Erdgeschossen der Geb\u00e4ude befinden sich die den Wohnungen zugeordneten Tiefgaragenstellpl\u00e4tze und Abstellr\u00e4ume, was dem Hochwasserschutz geschuldet ist &#8211; aber daf\u00fcr sorgt, dass der Blick aus den Wohnungen durch gro\u00dfe Fensterfl\u00e4chen \u00fcber die D\u00fcnen bis zur Ostsee oder den Binnensee schweifen kann. Im 2. Bauabschnitt sind im Jahre 2015 in zwei Strandvillen und in exponierter Lage an der Strandpromenade 33 exklusive 2- bis 3 Zimmer-Wohnungen mit einer Wohn- und Nutzfl\u00e4che zwischen 56 bis 132 m\u00b2,\u00a0 mit viel Glas, Holz und gro\u00dfen Balkonen bzw. Dachterrassen entstanden. Die Wohnungen verf\u00fcgen \u00fcberwiegend \u00fcber\u00a0 Tiefgaragenstellpl\u00e4tze und separate Abstellr\u00e4ume und werden seitens des Bautr\u00e4gers mit fertigen Oberfl\u00e4chen, sprich tapezierten und gestrichenen W\u00e4nden und Decken sowie Bodenbelag \u00fcbergeben. Zudem werden die B\u00e4der modern gefliest und mit hochwertigen Sanit\u00e4robjekten der Firma Villeroy &amp; Boch ausgestattet und erhalten bodengleiche Duschen. Weiter erfolgt eine Vorinstallation der Anschl\u00fcsse in der K\u00fcche. Die Ausstattung der K\u00fcche an sich erfolgt durch den K\u00e4ufer. Individuelle Ausstattungsw\u00fcnsche, wie zum Beispiel der Einbau einer Sauna oder eines Kamins sind je nach Baufortschritt noch m\u00f6glich.<\/p>\n<p>Hinweis: Die jeweiligen Eigent\u00fcmer der Wohnungen sind laut Vertrag mit der Gemeinde Heiligenhafen verpflichtet, die Wohnungen als Ferienwohnungen zu vermieten. Unter diesen Voraussetzungen erfolgt der Erwerb der Immobilie mehrwertsteuerfrei.[\/mk_blockquote][\/vc_column][vc_column width=&#8220;1\/2&#8243;][mk_circle_image src=&#8220;https:\/\/www.duenenpark-hh.de\/wp-content\/uploads\/2016\/03\/Grafik1.jpg&#8220; image_diameter=&#8220;350&#8243;][\/vc_column][\/mk_page_section][mk_page_section bg_image=&#8220;https:\/\/www.duenenpark-hh.de\/wp-content\/uploads\/2016\/02\/Luftbild_01.jpg&#8220; bg_stretch=&#8220;true&#8220; enable_3d=&#8220;true&#8220; full_width=&#8220;true&#8220; full_height=&#8220;true&#8220; top_shape_color=&#8220;#ffffff&#8220; bottom_shape_style=&#8220;speech-bottom&#8220; bottom_shape_color=&#8220;#ffffff&#8220; sidebar=&#8220;sidebar-1&#8243;][vc_column][\/vc_column][\/mk_page_section][mk_page_section bg_color=&#8220;#d1d1d1&#8243; padding_bottom=&#8220;60&#8243; sidebar=&#8220;sidebar-1&#8243;][vc_column][mk_ornamental_title text_color=&#8220;#565656&#8243; font_family=&#8220;none&#8220; font_size=&#8220;38&#8243; font_weight=&#8220;bold&#8220; ornament_style=&#8220;norman-double&#8220; margin_top=&#8220;30&#8243;]\n<p style=\"text-align: center;\">Haus 4 &#8222;Meerd\u00fcne&#8220;<\/p>\n[\/mk_ornamental_title][mk_tab_slider order=&#8220;ASC&#8220; orderby=&#8220;menu_order&#8220; animation=&#8220;fade-in&#8220; button_size=&#8220;17&#8243; tabs=&#8220;9524, 9522, 9520, 9518, 9514&#8243;][\/vc_column][\/mk_page_section][mk_page_section bg_color=&#8220;#d1d1d1&#8243; padding_bottom=&#8220;60&#8243; sidebar=&#8220;sidebar-1&#8243;][vc_column][mk_ornamental_title text_color=&#8220;#565656&#8243; font_family=&#8220;none&#8220; font_size=&#8220;38&#8243; font_weight=&#8220;bold&#8220; ornament_style=&#8220;norman-double&#8220; margin_top=&#8220;30&#8243;]\n<p style=\"text-align: center;\">Besuchen Sie unser letztes Penthouse&#8230;<strong> jetzt !<\/strong><\/p>\n[\/mk_ornamental_title][mk_image src=&#8220;https:\/\/www.duenenpark-hh.de\/wp-content\/uploads\/2017\/03\/WE16360grad.jpg&#8220; image_size=&#8220;full&#8220; frame_style=&#8220;rounded&#8220; link=&#8220;http:\/\/www.dreamhouse-immobilien.de\/Panoramen\/3319\/3319.html&#8220; target=&#8220;_blank&#8220;][\/vc_column][\/mk_page_section][mk_page_section bg_color=&#8220;#d1d1d1&#8243; padding_bottom=&#8220;60&#8243; sidebar=&#8220;sidebar-1&#8243;][vc_column][mk_ornamental_title text_color=&#8220;#565656&#8243; font_family=&#8220;none&#8220; font_size=&#8220;38&#8243; font_weight=&#8220;bold&#8220; ornament_style=&#8220;norman-double&#8220; margin_top=&#8220;30&#8243;]\n<p style=\"text-align: center;\">Haus 5 &#8222;D\u00fcnengrass&#8220;<\/p>\n[\/mk_ornamental_title][mk_tab_slider order=&#8220;ASC&#8220; orderby=&#8220;menu_order&#8220; animation=&#8220;fade-in&#8220; button_size=&#8220;17&#8243; tabs=&#8220;9567, 9569, 9507&#8243;][\/vc_column][\/mk_page_section]\n","protected":false},"excerpt":{"rendered":"<p>[vc_row fullwidth=&#8220;true&#8220;][vc_column][mk_edge_slider first_el=&#8220;true&#8220; swiper_bg=&#8220;#000000&#8243; parallax=&#8220;true&#8220; order=&#8220;ASC&#8220; orderby=&#8220;title&#8220; height=&#8220;1080&#8243; direction_nav=&#8220;round&#8220; pagination=&#8220;small_dot_stroke&#8220; slides=&#8220;5083,5078,9474,9476&#8243;][mk_divider style=&#8220;thin_solid&#8220; thin_single_color=&#8220;#211caf&#8220; thickness=&#8220;6&#8243; margin_top=&#8220;0&#8243; margin_bottom=&#8220;0&#8243;][\/vc_column][\/vc_row][vc_row][vc_column][mk_padding_divider size=&#8220;100&#8243;][vc_row_inner][vc_column_inner width=&#8220;1\/2&#8243;][mk_chart percent=&#8220;100&#8243; bar_color=&#8220;#213bd1&#8243; track_color=&#8220;#d3d3d3&#8243; line_width=&#8220;30&#8243; bar_size=&#8220;350&#8243; content_type=&#8220;custom_text&#8220; custom_text=&#8220;100%&#8220; custom_text_size=&#8220;50&#8243; desc=&#8220;VERKAUFT&#8220; desc_text_size=&#8220;40&#8243; desc_color=&#8220;#444444&#8243;][\/vc_column_inner][vc_column_inner width=&#8220;1\/2&#8243;][mk_blockquote font_family=&#8220;none&#8220;]Heiligenhafen &#8211; eine der letzten unentdeckten Perlen der Ostsee! Das staatlich anerkannte Ostseeheilbad Heiligenhafen ist ein traditionsreicher Urlaubsort in Ostholstein, das mit seinen rund 9.400 [&hellip;]<\/p>\n","protected":false},"author":1,"featured_media":0,"parent":0,"menu_order":8,"comment_status":"open","ping_status":"closed","template":"","meta":[],"_links":{"self":[{"href":"https:\/\/www.duenenpark-hh.de\/index.php?rest_route=\/wp\/v2\/pages\/7840"}],"collection":[{"href":"https:\/\/www.duenenpark-hh.de\/index.php?rest_route=\/wp\/v2\/pages"}],"about":[{"href":"https:\/\/www.duenenpark-hh.de\/index.php?rest_route=\/wp\/v2\/types\/page"}],"author":[{"embeddable":true,"href":"https:\/\/www.duenenpark-hh.de\/index.php?rest_route=\/wp\/v2\/users\/1"}],"replies":[{"embeddable":true,"href":"https:\/\/www.duenenpark-hh.de\/index.php?rest_route=%2Fwp%2Fv2%2Fcomments&post=7840"}],"version-history":[{"count":30,"href":"https:\/\/www.duenenpark-hh.de\/index.php?rest_route=\/wp\/v2\/pages\/7840\/revisions"}],"predecessor-version":[{"id":9875,"href":"https:\/\/www.duenenpark-hh.de\/index.php?rest_route=\/wp\/v2\/pages\/7840\/revisions\/9875"}],"wp:attachment":[{"href":"https:\/\/www.duenenpark-hh.de\/index.php?rest_route=%2Fwp%2Fv2%2Fmedia&parent=7840"}],"curies":[{"name":"wp","href":"https:\/\/api.w.org\/{rel}","templated":true}]}}