{"id":9047,"date":"2016-01-31T11:09:39","date_gmt":"2016-01-31T11:09:39","guid":{"rendered":"http:\/\/www.strandzeit-heiligenhafen.de\/strandzeithh\/?page_id=9047"},"modified":"2019-07-16T10:48:16","modified_gmt":"2019-07-16T09:48:16","slug":"impressum","status":"publish","type":"page","link":"https:\/\/www.duenenpark-hh.de\/?page_id=9047","title":{"rendered":"impressum"},"content":{"rendered":"[mk_page_section bg_image=&#8220;https:\/\/www.duenenpark-hh.de\/wp-content\/uploads\/2014\/09\/IMG_4842.jpg&#8220; bg_stretch=&#8220;true&#8220; padding_top=&#8220;180&#8243; padding_bottom=&#8220;150&#8243; top_shape_color=&#8220;#ffffff&#8220; bottom_shape_color=&#8220;#ffffff&#8220; sidebar=&#8220;sidebar-1&#8243;][vc_column][mk_image src=&#8220;https:\/\/www.duenenpark-hh.de\/wp-content\/uploads\/2016\/02\/Logo_dark_250.png&#8220; image_size=&#8220;full&#8220; align=&#8220;center&#8220;][mk_fancy_title color=&#8220;#ffffff&#8220; size=&#8220;18&#8243; font_weight=&#8220;bold&#8220; font_family=&#8220;none&#8220; align=&#8220;center&#8220;]EINE SEITE VON DREAMHOUSE IMMOBILIEN GMBH &amp; CO.KG[\/mk_fancy_title][mk_fancy_title color=&#8220;#ffffff&#8220; size=&#8220;28&#8243; font_weight=&#8220;bold&#8220; letter_spacing=&#8220;6&#8243; font_family=&#8220;none&#8220; align=&#8220;center&#8220;]impressum[\/mk_fancy_title][\/vc_column][\/mk_page_section][vc_row][vc_column css=&#8220;.vc_custom_1454242585079{margin-top: 50px !important;}&#8220;][vc_column_text disable_pattern=&#8220;false&#8220; css=&#8220;.vc_custom_1563270515551{margin-bottom: 0px !important;}&#8220;]DREAMHOUSE Immobilien GmbH &amp; Co. KG<br \/>\nRegistergericht: Amtsgericht Hamburg<br \/>\nRegisternummer: HRA 92021<br \/>\nPers\u00f6nlich haftende Gesellschafterin:Verwaltungsgesellschaft DREAMHOUSE Immobilien GmbH<br \/>\nSitz: Papenhuder Stra\u00dfe 35, 22087 Hamburg<br \/>\nTel.: 040\/2274690, Fax: 040\/22746929<br \/>\nRegisternummer: HRB 68306<br \/>\nGesch\u00e4ftsf\u00fchrer: Birte Schulz, Matthias Schulz<br \/>\nBerufsaufsichtsbeh\u00f6rde\/Genehmigung: Freie und Hansestadt Hamburg, Bezirksamt Hamburg-Nord \u2013 Verbraucherschutz, Gewerbe, Umwelt, Postfach 201744, 20243 Hamburg<br \/>\nTel.: 040\/428280, Email: bezirksamt@hamburg-nord.hamburg.de<br \/>\nUST-IDNR: DE195290681<br \/>\nHomepage: <a href=\"http:\/\/www.dreamhouse-immobilien.de\">www.dreamhouse-immobilien.de<\/a> \/ <a href=\"https:\/\/www.duenenpark-hh.de\">www.duenenpark-hh.de<\/a><\/p>\n<p class=\"bodytext\">Ombudsmann Immobilien IVD\/VPB \u2013 Informationspflicht nach \u00a7 36 VSBG<\/p>\n<p class=\"bodytext\">Der Immobilienverband Deutschland IVD e.V. hat mit Beteiligung des Verbraucherverbandes Verband Privater Bauherren e.V. (VPB) eine Schlichtungsstelle nach Ma\u00dfgabe des Verbraucherstreitbeilegungsgesetzes (VSBG) eingerichtet. Vor der Schlichtungsstelle k\u00f6nnen u. a. Streitigkeiten zwischen Verbrauchern und Mitgliedern des IVD in einem au\u00dfergerichtlichen Schlichtungsverfahren beigelegt werden.<\/p>\n<p>Die DREAMHOUSE Immobilien GmbH &amp; Co.KG ist Mitglied im IVD und aufgrund der Satzung des IVD verpflichtet, gegen\u00fcber der Ombudsstelle eine schriftliche Stellungnahme abzugeben, wenn diese ein Verfahren einleitet. An Schlichtungsverfahren bei anderen Schlichtungsstellen nimmt die DREAMHOUSE Immobilien GmbH &amp; Co.KG\u00a0grunds\u00e4tzlich nicht teil.<\/p>\n<p class=\"bodytext\">Die Anschrift der Schlichtungsstelle des IVD lautet: Ombudsmann Immobilien IVD\/VPB \u2013 Grunderwerb und -verwaltung, Littenstra\u00dfe 10, 10179 Berlin. Weitere Informationen zur Schlichtungsstelle (z.B. weitere Kommunikationsdaten, Verfahrensordnung) erhalten Sie unter <a class=\"external-link-new-window\" title=\"Opens external link in new window\" href=\"https:\/\/www.ombudsmann-immobilien.de\/\" target=\"_blank\" rel=\"noopener\">https:\/\/www.ombudsmann-immobilien.de\/<\/a><\/p>\n<p class=\"bodytext\">Online-Streitbeilegung gem\u00e4\u00df Art. 14 Abs. 1 ODR-VO<\/p>\n<p class=\"bodytext\">Die Europ\u00e4ische Kommission stellt eine Plattform zur Online-Streitbeilegung (OS) bereit, die Sie hier finden <a class=\"external-link-new-window\" title=\"Opens external link in new window\" href=\"http:\/\/ec.europa.eu\/consumers\/odr\/\" target=\"_blank\" rel=\"noopener\">http:\/\/ec.europa.eu\/consumers\/odr\/<\/a>. Verbraucher haben die M\u00f6glichkeit, diese Plattform f\u00fcr die Beilegung ihrer Streitigkeiten zu nutzen.<\/p>\n<p>Dreamhouse Immobilien m\u00f6chte an dieser Stelle auf folgende rechtliche Rahmenbedingungen hinweisen:<\/p>\n<p>Haftungshinweis<\/p>\n<p>Trotz sorgf\u00e4ltiger inhaltlicher Kontrolle \u00fcbernehmen wir keine Haftung f\u00fcr die Inhalte externer Links. F\u00fcr den Inhalt der verlinkten Seiten sind ausschlie\u00dflich deren Betreiber verantwortlich.<\/p>\n<p>Nutzungsbedingungen<\/p>\n<p>Durch das Zugreifen auf und die Verwendung der Dreamhouse Immobilien-Website erkennen Sie die nachfolgend aufgef\u00fchrten Bestimmungen ohne Einschr\u00e4nkungen und in ihrem gesamten Umfang an. Der Zugriff auf die Dreamhouse Immobilien-Website unterliegt sowohl den nachfolgend aufgef\u00fchrten rechtlichen Grundlagen als auch den derzeit g\u00fcltigen Gesetzen.<\/p>\n<p>Copyright \u00a9 2018 Dreamhouse Immobilien<\/p>\n<p>&nbsp;<\/p>\n<p>Inhalt<\/p>\n<p>Alle Informationen, die auf dieser Website enthalten sind, dienen allein zu Informationszwecken. Die auf dieser Website enthaltenen Informationen sind nicht bindend. Wir bem\u00fchen uns darum, dass die hier gegebenen Informationen m\u00f6glichst vollst\u00e4ndig sind. Das Dreamhouse Immobilien beh\u00e4lt sich jedoch das Recht vor, jederzeit und ohne vorherige Ank\u00fcndigung \u00c4nderungen an der Website vorzunehmen.<\/p>\n<p>Einsatz von &#8222;Cookies&#8220;<\/p>\n<p>Es wird darauf hingewiesen, dass Dreamhouse Immobilien Cookies verwenden kann. Cookies sind kleine Textdateien, die Aufschluss \u00fcber das Verhalten regelm\u00e4\u00dfiger Besucher auf einer Internetseite geben, indem sie nach der Registrierung auf der Festplatte des Nutzers abgelegt werden und beim n\u00e4chsten Aufruf wieder aktiviert werden. Die vom Dreamhouse Immobilien verwendeten Cookies enthalten keine personenspezifischen Informationen, so dass die Privatsph\u00e4re gesch\u00fctzt bleibt. Wir weisen Sie hiermit darauf hin, dass Sie Ihren Browser so einstellen k\u00f6nnen, dass er Cookies nicht annimmt bzw. dass Sie eine Warnmeldung erhalten, wenn Cookies gesendet werden.<\/p>\n<p>Datenschutz\/Usereingaben<\/p>\n<p>Grunds\u00e4tzlich werden durch die Nutzung der Dreamhouse Immobilien-Website keine pers\u00f6nlichen Daten erhoben und\/oder gespeichert. Werden Name, eMail-Adresse oder sonstige pers\u00f6nliche Daten f\u00fcr spezielle Angebote ben\u00f6tigt, erhoben und gespeichert, so wird an entsprechender Stelle darauf hingewiesen. Wenn pers\u00f6nliche Daten \u00fcberlassen werden, wird Dreamhouse Immobilien die strengen datenschutzrechtlichen Bestimmungen einhalten. Die Erhebung, Speicherung und Verwendung der pers\u00f6nlichen Nutzerdaten (z.B. Name, E-Mail-Adresse) geschieht ausschlie\u00dflich nach den strengen Regelungen des Bundesdatenschutzgesetzes (BDSG) und des Teledienstdatenschutzgesetzes (TDDSG). Insbesondere werden die Daten vertraulich behandelt. Erhobene Daten werden teilweise zu Marktforschungs- Marketing- und Werbezwecken genutzt. Wenn dies der Fall ist, wird in den Nutzungsbedingungen der entsprechenden Angebote darauf hingewiesen. Wenn Dreamhouse Immobilien aufgefordert wird, diese Daten nicht f\u00fcr die weitere Kontaktaufnahme zu verwenden und\/oder zu l\u00f6schen, so wird entsprechend verfahren werden. Es steht also jeder Zeit frei, durch Widerruf die Einwilligung zur Nutzung von pers\u00f6nlichen Daten aufzuheben. Auf unseren Seiten verweisen wir auf verschiedene Kooperationspartner, die ihrerseits Internet-Sites und -Dienste anbieten. Diese haben in der Regel eigene Datenschutzerkl\u00e4rungen und\/oder Richtlinien. F\u00fcr diese nicht mit uns in Zusammenhang stehenden Erkl\u00e4rungen und Richtlinien \u00fcbernimmt Dreamhouse Immobilien keine Haftung.<\/p>\n<p>Urheberrecht<\/p>\n<p>Die \u00fcber die Website des Dreamhouse Immobilien angebotenen Inhalte sind urheberrechtlich gesch\u00fctzt. Ihre Nutzung unterliegt den geltenden Urheberrechten. Diese Website darf ohne Zustimmung von Dreamhouse Immobilien nicht ver\u00e4ndert, kopiert, wiederver\u00f6ffentlicht, \u00fcbertragen, verbreitet oder gespeichert werden. Das Material darf ausschlie\u00dflich zu privaten, nichtkommerziellen Zwecken unter strikter Ber\u00fccksichtigung von Urheberrechten benutzt werden. Speziell f\u00fcr Software, Verzeichnisse, Daten und deren Inhalte, die vom Dreamhouse Immobilien zum Herunterladen zur Verf\u00fcgung gestellt werden, wird eine einfache, nicht ausschlie\u00dfliche und nicht \u00fcbertragbare Lizenz erteilt, die sich auf das einmalige Herunterladen und Speichern beschr\u00e4nkt. S\u00e4mtliche weitergehende Rechte verbleiben bei dem Dreamhouse Immobilien. So ist insbesondere der Verkauf und jegliche kommerzielle Nutzung unzul\u00e4ssig.<\/p>\n<p>Warenzeichen<\/p>\n<p>Alle auf dieser Website enthaltenen Wort- und Bildmarken sowie Logos sind Eigentum vom Dreamhouse Immobilien oder Eigentum Dritter. Es ist Ihnen explizit untersagt, diese ohne vorherige schriftliche Genehmigung der Dreamhouse Immobilien oder eventueller Dritter in irgendeiner Weise zu verwenden, dauerhaft herunterzuladen, zu kopieren oder zu verbreiten.<\/p>\n<p>Hyperlinks<\/p>\n<p>Die Dreamhouse Immobilien-Website kann Hyperlinks zu anderen Internet-Sites enthalten, die v\u00f6llig unabh\u00e4ngig von dieser Website sind. Dreamhouse Immobilien \u00fcbernimmt keinerlei Haftung f\u00fcr die Richtigkeit, Vollst\u00e4ndigkeit oder Echtheit der Informationen, die in solchen Hypertextlinks oder anderen Internet-Sites enthalten sind. Der Zugriff auf andere Internet-Sites, die \u00fcber Links mit der Dreamhouse Immobilien-Website verbunden sind, geschieht auf eigene Gefahr.<\/p>\n<p>Haftungsausschluss<\/p>\n<p>Dreamhouse Immobilien ist bem\u00fcht sicherzustellen, dass alle auf dieser Website enthaltenen Informationen korrekt sind. Dennoch kann Dreamhouse Immobilien nicht f\u00fcr die Genauigkeit der Informationen der Website garantieren und \u00fcbernimmt keinerlei Haftung f\u00fcr die Richtigkeit, Vollst\u00e4ndigkeit und Echtheit der auf der Website enthaltenen Informationen. Diese Website und das gesamte auf ihr enthaltene Material sowie alle Informationen werden Ihnen in der gegebenen Form und ohne eine ausdr\u00fcckliche oder implizite Haftung seitens von Dreamhouse Immobilien zur Verf\u00fcgung gestellt.<\/p>\n<p>Dreamhouse Immobilien haftet nicht f\u00fcr St\u00f6rungen der Qualit\u00e4t des Zugangs aufgrund h\u00f6herer Gewalt oder aufgrund von Ereignissen, das Dreamhouse Immobilien nicht zu vertreten hat, insbesondere den Ausfall von Kommunikationsnetzen und Gateways. Das Dreamhouse Immobilien \u00fcbernimmt keine Gew\u00e4hr daf\u00fcr, dass die Internetseite unterbrechungs- und fehlerfrei funktioniert und dass etwaige Fehler korrigiert werden. Ebenso wird keine Gew\u00e4hr daf\u00fcr \u00fcbernommen, dass die Inhalte der Internetseite korrekt sind.<\/p>\n<p>\u00c4nderung der rechtlichen Grundlagen<\/p>\n<p>Dreamhouse Immobilien beh\u00e4lt sich das Recht vor, die vorliegenden rechtlichen Grundlagen zu jeder beliebigen Zeit zu \u00e4ndern und empfiehlt grunds\u00e4tzlich, diese Seite bei jedem Besuch der Dreamhouse Immobilien-Website aufzurufen, damit Sie sich \u00fcber den neusten Stand informieren k\u00f6nnen.<\/p>\n<p>Hinweis<\/p>\n<p>Die Europ\u00e4ische Kommission stellt eine Plattform zur Online-Streitbeilegung (OS) bereit, die Sie hier finden <a href=\"http:\/\/ec.europa.eu\/consumers\/odr\/\">ec.europa.eu\/consumers\/odr\/<\/a>. Verbraucher haben die M\u00f6glichkeit, diese Plattform f\u00fcr die Beilegung ihrer Streitigkeiten zu nutzen.[\/vc_column_text][\/vc_column][\/vc_row]\n","protected":false},"excerpt":{"rendered":"<p>[mk_page_section bg_image=&#8220;https:\/\/www.duenenpark-hh.de\/wp-content\/uploads\/2014\/09\/IMG_4842.jpg&#8220; bg_stretch=&#8220;true&#8220; padding_top=&#8220;180&#8243; padding_bottom=&#8220;150&#8243; top_shape_color=&#8220;#ffffff&#8220; bottom_shape_color=&#8220;#ffffff&#8220; sidebar=&#8220;sidebar-1&#8243;][vc_column][mk_image src=&#8220;https:\/\/www.duenenpark-hh.de\/wp-content\/uploads\/2016\/02\/Logo_dark_250.png&#8220; image_size=&#8220;full&#8220; align=&#8220;center&#8220;][mk_fancy_title color=&#8220;#ffffff&#8220; size=&#8220;18&#8243; font_weight=&#8220;bold&#8220; font_family=&#8220;none&#8220; align=&#8220;center&#8220;]EINE SEITE VON DREAMHOUSE IMMOBILIEN GMBH &amp; CO.KG[\/mk_fancy_title][mk_fancy_title color=&#8220;#ffffff&#8220; size=&#8220;28&#8243; font_weight=&#8220;bold&#8220; letter_spacing=&#8220;6&#8243; font_family=&#8220;none&#8220; align=&#8220;center&#8220;]impressum[\/mk_fancy_title][\/vc_column][\/mk_page_section][vc_row][vc_column css=&#8220;.vc_custom_1454242585079{margin-top: 50px !important;}&#8220;][vc_column_text disable_pattern=&#8220;false&#8220; css=&#8220;.vc_custom_1563270515551{margin-bottom: 0px !important;}&#8220;]DREAMHOUSE Immobilien GmbH &amp; Co. KG Registergericht: Amtsgericht Hamburg Registernummer: HRA 92021 Pers\u00f6nlich haftende Gesellschafterin:Verwaltungsgesellschaft DREAMHOUSE Immobilien GmbH Sitz: Papenhuder [&hellip;]<\/p>\n","protected":false},"author":1,"featured_media":0,"parent":0,"menu_order":0,"comment_status":"closed","ping_status":"closed","template":"","meta":[],"_links":{"self":[{"href":"https:\/\/www.duenenpark-hh.de\/index.php?rest_route=\/wp\/v2\/pages\/9047"}],"collection":[{"href":"https:\/\/www.duenenpark-hh.de\/index.php?rest_route=\/wp\/v2\/pages"}],"about":[{"href":"https:\/\/www.duenenpark-hh.de\/index.php?rest_route=\/wp\/v2\/types\/page"}],"author":[{"embeddable":true,"href":"https:\/\/www.duenenpark-hh.de\/index.php?rest_route=\/wp\/v2\/users\/1"}],"replies":[{"embeddable":true,"href":"https:\/\/www.duenenpark-hh.de\/index.php?rest_route=%2Fwp%2Fv2%2Fcomments&post=9047"}],"version-history":[{"count":11,"href":"https:\/\/www.duenenpark-hh.de\/index.php?rest_route=\/wp\/v2\/pages\/9047\/revisions"}],"predecessor-version":[{"id":9877,"href":"https:\/\/www.duenenpark-hh.de\/index.php?rest_route=\/wp\/v2\/pages\/9047\/revisions\/9877"}],"wp:attachment":[{"href":"https:\/\/www.duenenpark-hh.de\/index.php?rest_route=%2Fwp%2Fv2%2Fmedia&parent=9047"}],"curies":[{"name":"wp","href":"https:\/\/api.w.org\/{rel}","templated":true}]}}